{"id":744,"date":"2025-11-29T06:07:09","date_gmt":"2025-11-29T05:07:09","guid":{"rendered":"http:\/\/fundacjanovira.pl\/about\/"},"modified":"2025-12-17T03:48:57","modified_gmt":"2025-12-17T02:48:57","slug":"o-nas-fundacja-novira","status":"publish","type":"page","link":"https:\/\/fundacjanovira.pl\/en\/o-nas-fundacja-novira\/","title":{"rendered":"About us"},"content":{"rendered":"<div class=\"wp-block-uagb-container uagb-block-c832201d alignfull uagb-is-root-container\"><div class=\"uagb-container-inner-blocks-wrap\">\n<div class=\"wp-block-uagb-container uagb-block-cb2cd1da\">\n<div class=\"wp-block-uagb-advanced-heading uagb-block-022836bc\"><p class=\"uagb-desc-text\">About us<\/p><h1 class=\"uagb-heading-text\">Foundation that supports education and social development<\/h1><\/div>\n<\/div>\n<\/div><\/div>\n\n\n\n<div class=\"wp-block-uagb-container uagb-layout-grid uagb-block-ddd01dd4 alignfull uagb-is-root-container\"><div class=\"uagb-container-inner-blocks-wrap\">\n<div class=\"wp-block-uagb-container uagb-layout-grid uagb-block-25d8bddf\">\n<div class=\"wp-block-uagb-advanced-heading uagb-block-7d1ff756\"><p class=\"uagb-desc-text\"><strong>Our mission<\/strong><\/p><h2 class=\"uagb-heading-text\">Support access to education at every stage of life<\/h2><\/div>\n\n\n\n<div class=\"wp-block-uagb-advanced-heading uagb-block-7b09a77a\"><h3 class=\"uagb-heading-text\">The NOVIRA Foundation influences social and educational development by creating innovative projects.<\/h3><p class=\"uagb-desc-text\">The NOVIRA Foundation, led by Marzena Muc, engages in activities that counteract social and digital exclusion. The team, including Danuta Sawicka and Izabela Olowska, organizes workshops, trainings and cultural events to educate the community. We aim to stimulate creativity and education in Poland and abroad.<\/p><\/div>\n<\/div>\n<\/div><\/div>\n\n\n\n<div class=\"wp-block-uagb-container uagb-block-78151f44 alignfull uagb-is-root-container\"><div class=\"uagb-container-inner-blocks-wrap\"><\/div><\/div>\n\n\n\n<div class=\"wp-block-uagb-container uagb-layout-flex uagb-block-0d38cb79 alignfull uagb-is-root-container\"><div class=\"uagb-container-inner-blocks-wrap\">\n<div class=\"wp-block-uagb-container uagb-layout-grid uagb-block-d3fbcdab\">\n<div class=\"wp-block-uagb-info-box uagb-block-0edb282c uagb-infobox__content-wrap  uagb-infobox-icon-above-title uagb-infobox-image-valign-top\"><div class=\"uagb-ifb-content\"><div class=\"uagb-ifb-title-wrap\"><p class=\"uagb-ifb-title-prefix\"><strong>Our way<\/strong><\/p><h2 class=\"uagb-ifb-title\">The story of the foundation along the way<\/h2><\/div><p class=\"uagb-ifb-desc\">NOVIRA Foundation has this huge ambition for activities for education <br>and social support.<\/p><\/div><\/div>\n\n\n\n<div class=\"wp-block-uagb-container uagb-layout-flex uagb-block-c1a05545\">\n<div class=\"wp-block-uagb-info-box uagb-block-1fffda1f uagb-infobox__content-wrap  uagb-infobox-icon-above-title uagb-infobox-image-valign-top wp-block-uagb-info-box--has-margin\"><div class=\"uagb-infobox-margin-wrapper\"><div class=\"uagb-ifb-content\"><div class=\"uagb-ifb-title-wrap\"><p class=\"uagb-ifb-title-prefix\"><strong>takeoff<\/strong><\/p><h3 class=\"uagb-ifb-title\">The beginnings of the foundation<\/h3><\/div><p class=\"uagb-ifb-desc\">Many observations and life experiences have led us to start our journey together as a Foundation. Therefore, we put all our energies into projects that benefit society.<\/p><\/div><\/div><\/div>\n\n\n\n<div class=\"wp-block-uagb-info-box uagb-block-307599ab uagb-infobox__content-wrap  uagb-infobox-icon-above-title uagb-infobox-image-valign-top wp-block-uagb-info-box--has-margin\"><div class=\"uagb-infobox-margin-wrapper\"><div class=\"uagb-ifb-content\"><div class=\"uagb-ifb-title-wrap\"><p class=\"uagb-ifb-title-prefix\"><strong>continuous development<\/strong><\/p><h3 class=\"uagb-ifb-title\">Development of our programs<\/h3><\/div><p class=\"uagb-ifb-desc\">We are introducing many innovative projects that support many social groups in Poland, Europe and the world. <\/p><\/div><\/div><\/div>\n\n\n\n<div class=\"wp-block-uagb-info-box uagb-block-369a725a uagb-infobox__content-wrap  uagb-infobox-icon-above-title uagb-infobox-image-valign-top wp-block-uagb-info-box--has-margin\"><div class=\"uagb-infobox-margin-wrapper\"><div class=\"uagb-ifb-content\"><div class=\"uagb-ifb-title-wrap\"><p class=\"uagb-ifb-title-prefix\"><strong>partnerships<\/strong><\/p><h3 class=\"uagb-ifb-title\">Increase in cooperation<\/h3><\/div><p class=\"uagb-ifb-desc\">We are constantly establishing partnerships with various organizations to work together to achieve goals that improve welfare. Therefore, if you feel that you can help us - we are waiting for you!<\/p><\/div><\/div><\/div>\n\n\n\n<div class=\"wp-block-uagb-info-box uagb-block-da08b66f uagb-infobox__content-wrap  uagb-infobox-icon-above-title uagb-infobox-image-valign-top wp-block-uagb-info-box--has-margin\"><div class=\"uagb-infobox-margin-wrapper\"><div class=\"uagb-ifb-content\"><div class=\"uagb-ifb-title-wrap\"><p class=\"uagb-ifb-title-prefix\"><strong>The future is now<\/strong><\/p><h3 class=\"uagb-ifb-title\">The future of the Foundation<\/h3><\/div><p class=\"uagb-ifb-desc\">We are planning further development to meet the educational needs of the community even more effectively.<\/p><\/div><\/div><\/div>\n<\/div>\n<\/div>\n\n\n\n<div class=\"wp-block-uagb-container uagb-layout-grid uagb-block-67a7bdaf\">\n<div class=\"wp-block-uagb-image aligncenter uagb-block-04a3de05 wp-block-uagb-image--layout-overlay wp-block-uagb-image--effect-grayscale wp-block-uagb-image--align-center\"><figure class=\"wp-block-uagb-image__figure\"><img decoding=\"async\" srcset=\"https:\/\/fundacjanovira.pl\/wp-content\/uploads\/2025\/12\/3-1-724x1024.png ,https:\/\/fundacjanovira.pl\/wp-content\/uploads\/2025\/12\/3-1.png 780w, https:\/\/fundacjanovira.pl\/wp-content\/uploads\/2025\/12\/3-1.png 360w\" sizes=\"auto, (max-width: 480px) 150px\" src=\"https:\/\/fundacjanovira.pl\/wp-content\/uploads\/2025\/12\/3-1-724x1024.png\" alt=\"\" class=\"uag-image-1352\" width=\"386\" height=\"440\" title=\"\" loading=\"lazy\" role=\"presentation\"\/><div class=\"wp-block-uagb-image--layout-overlay__color-wrapper\"><\/div><div class=\"wp-block-uagb-image--layout-overlay__inner center-center\"><h2 class=\"uagb-image-heading\">Marzena<br>Muc<\/h2><div class=\"uagb-image-separator\"><\/div><figcaption class=\"uagb-image-caption\">Prezes Zarz\u0105du<\/figcaption><\/div><\/figure><\/div>\n\n\n\n<div class=\"wp-block-uagb-image aligncenter uagb-block-24963f9f wp-block-uagb-image--layout-overlay wp-block-uagb-image--effect-grayscale wp-block-uagb-image--align-center\"><figure class=\"wp-block-uagb-image__figure\"><img decoding=\"async\" srcset=\"https:\/\/fundacjanovira.pl\/wp-content\/uploads\/2025\/12\/2-1-724x1024.png ,https:\/\/fundacjanovira.pl\/wp-content\/uploads\/2025\/12\/2-1.png 780w, https:\/\/fundacjanovira.pl\/wp-content\/uploads\/2025\/12\/2-1.png 360w\" sizes=\"auto, (max-width: 480px) 150px\" src=\"https:\/\/fundacjanovira.pl\/wp-content\/uploads\/2025\/12\/2-1-724x1024.png\" alt=\"\" class=\"uag-image-1353\" width=\"386\" height=\"440\" title=\"\" loading=\"lazy\" role=\"presentation\"\/><div class=\"wp-block-uagb-image--layout-overlay__color-wrapper\"><\/div><div class=\"wp-block-uagb-image--layout-overlay__inner center-center\"><h2 class=\"uagb-image-heading\">Danuta<br>Sawicka<\/h2><div class=\"uagb-image-separator\"><\/div><figcaption class=\"uagb-image-caption\">Supervisory Board<\/figcaption><\/div><\/figure><\/div>\n\n\n\n<div class=\"wp-block-uagb-image aligncenter uagb-block-c23db9ec wp-block-uagb-image--layout-overlay wp-block-uagb-image--effect-static wp-block-uagb-image--align-center\"><figure class=\"wp-block-uagb-image__figure\"><picture class=\"ngio-picture\"><source type=\"image\/webp\" srcset=\"https:\/\/fundacjanovira.pl\/wp-content\/uploads\/2025\/12\/unnamed.jpg.webp\"><img decoding=\"async\" srcset=\"https:\/\/fundacjanovira.pl\/wp-content\/uploads\/2025\/12\/unnamed.jpg ,https:\/\/fundacjanovira.pl\/wp-content\/uploads\/2025\/12\/unnamed.jpg 780w, https:\/\/fundacjanovira.pl\/wp-content\/uploads\/2025\/12\/unnamed.jpg 360w\" sizes=\"auto, (max-width: 480px) 150px\" src=\"https:\/\/fundacjanovira.pl\/wp-content\/uploads\/2025\/12\/unnamed.jpg\" alt=\"Rada Nadzorcza\" class=\"uag-image-1415\" width=\"386\" height=\"440\" title=\"Supervisory Board\" loading=\"lazy\" role=\"img\"\/><\/picture><div class=\"wp-block-uagb-image--layout-overlay__color-wrapper\"><\/div><div class=\"wp-block-uagb-image--layout-overlay__inner center-center\"><h2 class=\"uagb-image-heading\">Isabella<br>Olowska<\/h2><div class=\"uagb-image-separator\"><\/div><figcaption class=\"uagb-image-caption\">Supervisory Board<\/figcaption><\/div><\/figure><\/div>\n<\/div>\n<\/div><\/div>\n\n\n\n<div class=\"wp-block-uagb-container uagb-block-86ca4727 alignfull uagb-is-root-container\"><div class=\"uagb-container-inner-blocks-wrap\">\n<div class=\"wp-block-uagb-container uagb-block-19ba02c2\">\n<div class=\"wp-block-uagb-advanced-heading uagb-block-94f87696\"><h2 class=\"uagb-heading-text\">Statut<\/h2><\/div>\n<\/div>\n\n\n\n<div class=\"wp-block-uagb-container uagb-block-72be9f89\"><\/div>\n\n\n\n<div class=\"wp-block-uagb-container uagb-block-d155499c\"><\/div>\n\n\n\n<div class=\"wp-block-uagb-container uagb-block-f917ee4b\"><\/div>\n\n\n\n<div class=\"wp-block-uagb-container uagb-block-94ff236a\"><\/div>\n\n\n\n<div class=\"wp-block-uagb-container uagb-block-9d79ad73\"><\/div>\n<\/div><\/div>\n\n\n\n<div class=\"wp-block-uagb-container uagb-block-c0a04942 alignfull uagb-is-root-container\"><div class=\"uagb-container-inner-blocks-wrap\">\n<div class=\"wp-block-uagb-info-box uagb-block-e9cf3be4 uagb-infobox__content-wrap  uagb-infobox-icon-above-title uagb-infobox-image-valign-top wp-block-uagb-info-box--has-margin\"><div class=\"uagb-infobox-margin-wrapper\"><div class=\"uagb-ifb-content\"><div class=\"uagb-ifb-title-wrap\"><p class=\"uagb-ifb-title-prefix\">the new power of life<\/p><h2 class=\"uagb-ifb-title\">Grow with us!<\/h2><\/div><p class=\"uagb-ifb-desc\">Explore endless educational opportunities.<br>Together we can achieve more!<\/p><div class=\"uagb-ifb-button-wrapper wp-block-button\"><a href=\"https:\/\/fundacjanovira.pl\/en\/kontakt-fundacja-novira\/\" class=\"uagb-infobox-cta-link wp-block-button__link\" target=\"_self\" rel=\"noopener noreferrer\" onclick=\"return true;\"><span class=\"uagb-inline-editing\">Join us<\/span><\/a><\/div><\/div><\/div><\/div>\n<\/div><\/div>","protected":false},"excerpt":{"rendered":"<p>O nas Fundacja wspieraj\u0105ca edukacj\u0119 i rozw\u00f3j spo\u0142eczny Nasza misja Wspieramy dost\u0119p do edukacji na ka\u017cdym etapie \u017cycia Fundacja NOVIRA wp\u0142ywa na rozw\u00f3j spo\u0142eczny i edukacyjny, tworz\u0105c innowacyjne projekty. Fundacja NOVIRA, prowadzona przez Marzen\u0119 Muc, anga\u017cuje si\u0119 w dzia\u0142ania, kt\u00f3re przeciwdzia\u0142aj\u0105 wykluczeniu spo\u0142ecznemu oraz cyfrowemu. Zesp\u00f3\u0142, w tym Danuta Sawicka i Izabela O\u0142owska, organizuje warsztaty, [&hellip;]<\/p>\n","protected":false},"author":1,"featured_media":0,"parent":0,"menu_order":0,"comment_status":"closed","ping_status":"closed","template":"","meta":{"give_campaign_id":0,"_uag_custom_page_level_css":"","site-sidebar-layout":"default","site-content-layout":"","ast-site-content-layout":"default","site-content-style":"default","site-sidebar-style":"default","ast-global-header-display":"","ast-banner-title-visibility":"","ast-main-header-display":"","ast-hfb-above-header-display":"","ast-hfb-below-header-display":"","ast-hfb-mobile-header-display":"","site-post-title":"disabled","ast-breadcrumbs-content":"","ast-featured-img":"","footer-sml-layout":"","ast-disable-related-posts":"","theme-transparent-header-meta":"","adv-header-id-meta":"","stick-header-meta":"","header-above-stick-meta":"","header-main-stick-meta":"","header-below-stick-meta":"","astra-migrate-meta-layouts":"default","ast-page-background-enabled":"default","ast-page-background-meta":{"desktop":{"background-color":"var(--ast-global-color-4)","background-image":"","background-repeat":"repeat","background-position":"center center","background-size":"auto","background-attachment":"scroll","background-type":"","background-media":"","overlay-type":"","overlay-color":"","overlay-opacity":"","overlay-gradient":""},"tablet":{"background-color":"","background-image":"","background-repeat":"repeat","background-position":"center center","background-size":"auto","background-attachment":"scroll","background-type":"","background-media":"","overlay-type":"","overlay-color":"","overlay-opacity":"","overlay-gradient":""},"mobile":{"background-color":"","background-image":"","background-repeat":"repeat","background-position":"center center","background-size":"auto","background-attachment":"scroll","background-type":"","background-media":"","overlay-type":"","overlay-color":"","overlay-opacity":"","overlay-gradient":""}},"ast-content-background-meta":{"desktop":{"background-color":"var(--ast-global-color-5)","background-image":"","background-repeat":"repeat","background-position":"center center","background-size":"auto","background-attachment":"scroll","background-type":"","background-media":"","overlay-type":"","overlay-color":"","overlay-opacity":"","overlay-gradient":""},"tablet":{"background-color":"var(--ast-global-color-5)","background-image":"","background-repeat":"repeat","background-position":"center center","background-size":"auto","background-attachment":"scroll","background-type":"","background-media":"","overlay-type":"","overlay-color":"","overlay-opacity":"","overlay-gradient":""},"mobile":{"background-color":"var(--ast-global-color-5)","background-image":"","background-repeat":"repeat","background-position":"center center","background-size":"auto","background-attachment":"scroll","background-type":"","background-media":"","overlay-type":"","overlay-color":"","overlay-opacity":"","overlay-gradient":""}},"footnotes":""},"class_list":["post-744","page","type-page","status-publish","hentry"],"yoast_head":"<!-- This site is optimized with the Yoast SEO plugin v27.2 - https:\/\/yoast.com\/product\/yoast-seo-wordpress\/ -->\n<title>O nas | Fundacja Novira<\/title>\n<meta name=\"description\" content=\"O nas Fundacja Novira: wiemy jak ci\u0119\u017cko jest dzia\u0142a\u0107 w pojedynk\u0119. Dla lepszej przysz\u0142o\u015bci konsolidujemy si\u0142y i pracujemy dla wsp\u00f3lnego dobra.\" \/>\n<meta name=\"robots\" content=\"index, follow, max-snippet:-1, max-image-preview:large, max-video-preview:-1\" \/>\n<link rel=\"canonical\" href=\"https:\/\/fundacjanovira.pl\/en\/o-nas-fundacja-novira\/\" \/>\n<meta property=\"og:locale\" content=\"en_US\" \/>\n<meta property=\"og:type\" content=\"article\" \/>\n<meta property=\"og:title\" content=\"O nas | Fundacja Novira\" \/>\n<meta property=\"og:description\" content=\"O nas Fundacja Novira: wiemy jak ci\u0119\u017cko jest dzia\u0142a\u0107 w pojedynk\u0119. Dla lepszej przysz\u0142o\u015bci konsolidujemy si\u0142y i pracujemy dla wsp\u00f3lnego dobra.\" \/>\n<meta property=\"og:url\" content=\"https:\/\/fundacjanovira.pl\/en\/o-nas-fundacja-novira\/\" \/>\n<meta property=\"og:site_name\" content=\"Fundacja Novira\" \/>\n<meta property=\"article:publisher\" content=\"https:\/\/www.facebook.com\/fundacjanovira\/\" \/>\n<meta property=\"article:modified_time\" content=\"2025-12-17T02:48:57+00:00\" \/>\n<meta property=\"og:image\" content=\"https:\/\/fundacjanovira.pl\/wp-content\/uploads\/2025\/11\/WhatsApp-Image-2025-10-09-at-18.52.40.jpeg\" \/>\n\t<meta property=\"og:image:width\" content=\"436\" \/>\n\t<meta property=\"og:image:height\" content=\"436\" \/>\n\t<meta property=\"og:image:type\" content=\"image\/jpeg\" \/>\n<meta name=\"twitter:card\" content=\"summary_large_image\" \/>\n<meta name=\"twitter:label1\" content=\"Est. reading time\" \/>\n\t<meta name=\"twitter:data1\" content=\"2 minutes\" \/>\n<script type=\"application\/ld+json\" class=\"yoast-schema-graph\">{\"@context\":\"https:\/\/schema.org\",\"@graph\":[{\"@type\":\"WebPage\",\"@id\":\"https:\/\/fundacjanovira.pl\/o-nas-fundacja-novira\/\",\"url\":\"https:\/\/fundacjanovira.pl\/o-nas-fundacja-novira\/\",\"name\":\"O nas | Fundacja Novira\",\"isPartOf\":{\"@id\":\"https:\/\/fundacjanovira.pl\/#website\"},\"primaryImageOfPage\":{\"@id\":\"https:\/\/fundacjanovira.pl\/o-nas-fundacja-novira\/#primaryimage\"},\"image\":{\"@id\":\"https:\/\/fundacjanovira.pl\/o-nas-fundacja-novira\/#primaryimage\"},\"thumbnailUrl\":\"http:\/\/fundacjanovira.pl\/wp-content\/uploads\/2025\/12\/3-1-724x1024.png\",\"datePublished\":\"2025-11-29T05:07:09+00:00\",\"dateModified\":\"2025-12-17T02:48:57+00:00\",\"description\":\"O nas Fundacja Novira: wiemy jak ci\u0119\u017cko jest dzia\u0142a\u0107 w pojedynk\u0119. Dla lepszej przysz\u0142o\u015bci konsolidujemy si\u0142y i pracujemy dla wsp\u00f3lnego dobra.\",\"breadcrumb\":{\"@id\":\"https:\/\/fundacjanovira.pl\/o-nas-fundacja-novira\/#breadcrumb\"},\"inLanguage\":\"en-US\",\"potentialAction\":[{\"@type\":\"ReadAction\",\"target\":[\"https:\/\/fundacjanovira.pl\/o-nas-fundacja-novira\/\"]}]},{\"@type\":\"ImageObject\",\"inLanguage\":\"en-US\",\"@id\":\"https:\/\/fundacjanovira.pl\/o-nas-fundacja-novira\/#primaryimage\",\"url\":\"http:\/\/fundacjanovira.pl\/wp-content\/uploads\/2025\/12\/3-1-724x1024.png\",\"contentUrl\":\"http:\/\/fundacjanovira.pl\/wp-content\/uploads\/2025\/12\/3-1-724x1024.png\"},{\"@type\":\"BreadcrumbList\",\"@id\":\"https:\/\/fundacjanovira.pl\/o-nas-fundacja-novira\/#breadcrumb\",\"itemListElement\":[{\"@type\":\"ListItem\",\"position\":1,\"name\":\"Strona g\u0142\u00f3wna\",\"item\":\"https:\/\/fundacjanovira.pl\/\"},{\"@type\":\"ListItem\",\"position\":2,\"name\":\"O nas\"}]},{\"@type\":\"WebSite\",\"@id\":\"https:\/\/fundacjanovira.pl\/#website\",\"url\":\"https:\/\/fundacjanovira.pl\/\",\"name\":\"Fundacja Novira\",\"description\":\"Nowa si\u0142a \u017cycia\",\"publisher\":{\"@id\":\"https:\/\/fundacjanovira.pl\/#organization\"},\"alternateName\":\"Novira\",\"potentialAction\":[{\"@type\":\"SearchAction\",\"target\":{\"@type\":\"EntryPoint\",\"urlTemplate\":\"https:\/\/fundacjanovira.pl\/?s={search_term_string}\"},\"query-input\":{\"@type\":\"PropertyValueSpecification\",\"valueRequired\":true,\"valueName\":\"search_term_string\"}}],\"inLanguage\":\"en-US\"},{\"@type\":\"Organization\",\"@id\":\"https:\/\/fundacjanovira.pl\/#organization\",\"name\":\"Fundacja Novira\",\"alternateName\":\"Novira\",\"url\":\"https:\/\/fundacjanovira.pl\/\",\"logo\":{\"@type\":\"ImageObject\",\"inLanguage\":\"en-US\",\"@id\":\"https:\/\/fundacjanovira.pl\/#\/schema\/logo\/image\/\",\"url\":\"https:\/\/fundacjanovira.pl\/wp-content\/uploads\/2025\/11\/cropped-WhatsApp-Image-2025-11-29-at-13.25.07.jpeg\",\"contentUrl\":\"https:\/\/fundacjanovira.pl\/wp-content\/uploads\/2025\/11\/cropped-WhatsApp-Image-2025-11-29-at-13.25.07.jpeg\",\"width\":1599,\"height\":456,\"caption\":\"Fundacja Novira\"},\"image\":{\"@id\":\"https:\/\/fundacjanovira.pl\/#\/schema\/logo\/image\/\"},\"sameAs\":[\"https:\/\/www.facebook.com\/fundacjanovira\/\",\"https:\/\/www.youtube.com\/@Novira-fundacja\"]}]}<\/script>\n<!-- \/ Yoast SEO plugin. -->","yoast_head_json":{"title":"O nas | Fundacja Novira","description":"O nas Fundacja Novira: wiemy jak ci\u0119\u017cko jest dzia\u0142a\u0107 w pojedynk\u0119. Dla lepszej przysz\u0142o\u015bci konsolidujemy si\u0142y i pracujemy dla wsp\u00f3lnego dobra.","robots":{"index":"index","follow":"follow","max-snippet":"max-snippet:-1","max-image-preview":"max-image-preview:large","max-video-preview":"max-video-preview:-1"},"canonical":"https:\/\/fundacjanovira.pl\/en\/o-nas-fundacja-novira\/","og_locale":"en_US","og_type":"article","og_title":"O nas | Fundacja Novira","og_description":"O nas Fundacja Novira: wiemy jak ci\u0119\u017cko jest dzia\u0142a\u0107 w pojedynk\u0119. Dla lepszej przysz\u0142o\u015bci konsolidujemy si\u0142y i pracujemy dla wsp\u00f3lnego dobra.","og_url":"https:\/\/fundacjanovira.pl\/en\/o-nas-fundacja-novira\/","og_site_name":"Fundacja Novira","article_publisher":"https:\/\/www.facebook.com\/fundacjanovira\/","article_modified_time":"2025-12-17T02:48:57+00:00","og_image":[{"width":436,"height":436,"url":"https:\/\/fundacjanovira.pl\/wp-content\/uploads\/2025\/11\/WhatsApp-Image-2025-10-09-at-18.52.40.jpeg","type":"image\/jpeg"}],"twitter_card":"summary_large_image","twitter_misc":{"Est. reading time":"2 minutes"},"schema":{"@context":"https:\/\/schema.org","@graph":[{"@type":"WebPage","@id":"https:\/\/fundacjanovira.pl\/o-nas-fundacja-novira\/","url":"https:\/\/fundacjanovira.pl\/o-nas-fundacja-novira\/","name":"O nas | Fundacja Novira","isPartOf":{"@id":"https:\/\/fundacjanovira.pl\/#website"},"primaryImageOfPage":{"@id":"https:\/\/fundacjanovira.pl\/o-nas-fundacja-novira\/#primaryimage"},"image":{"@id":"https:\/\/fundacjanovira.pl\/o-nas-fundacja-novira\/#primaryimage"},"thumbnailUrl":"http:\/\/fundacjanovira.pl\/wp-content\/uploads\/2025\/12\/3-1-724x1024.png","datePublished":"2025-11-29T05:07:09+00:00","dateModified":"2025-12-17T02:48:57+00:00","description":"O nas Fundacja Novira: wiemy jak ci\u0119\u017cko jest dzia\u0142a\u0107 w pojedynk\u0119. Dla lepszej przysz\u0142o\u015bci konsolidujemy si\u0142y i pracujemy dla wsp\u00f3lnego dobra.","breadcrumb":{"@id":"https:\/\/fundacjanovira.pl\/o-nas-fundacja-novira\/#breadcrumb"},"inLanguage":"en-US","potentialAction":[{"@type":"ReadAction","target":["https:\/\/fundacjanovira.pl\/o-nas-fundacja-novira\/"]}]},{"@type":"ImageObject","inLanguage":"en-US","@id":"https:\/\/fundacjanovira.pl\/o-nas-fundacja-novira\/#primaryimage","url":"http:\/\/fundacjanovira.pl\/wp-content\/uploads\/2025\/12\/3-1-724x1024.png","contentUrl":"http:\/\/fundacjanovira.pl\/wp-content\/uploads\/2025\/12\/3-1-724x1024.png"},{"@type":"BreadcrumbList","@id":"https:\/\/fundacjanovira.pl\/o-nas-fundacja-novira\/#breadcrumb","itemListElement":[{"@type":"ListItem","position":1,"name":"Strona g\u0142\u00f3wna","item":"https:\/\/fundacjanovira.pl\/"},{"@type":"ListItem","position":2,"name":"O nas"}]},{"@type":"WebSite","@id":"https:\/\/fundacjanovira.pl\/#website","url":"https:\/\/fundacjanovira.pl\/","name":"Fundacja Novira","description":"Nowa si\u0142a \u017cycia","publisher":{"@id":"https:\/\/fundacjanovira.pl\/#organization"},"alternateName":"Novira","potentialAction":[{"@type":"SearchAction","target":{"@type":"EntryPoint","urlTemplate":"https:\/\/fundacjanovira.pl\/?s={search_term_string}"},"query-input":{"@type":"PropertyValueSpecification","valueRequired":true,"valueName":"search_term_string"}}],"inLanguage":"en-US"},{"@type":"Organization","@id":"https:\/\/fundacjanovira.pl\/#organization","name":"Fundacja Novira","alternateName":"Novira","url":"https:\/\/fundacjanovira.pl\/","logo":{"@type":"ImageObject","inLanguage":"en-US","@id":"https:\/\/fundacjanovira.pl\/#\/schema\/logo\/image\/","url":"https:\/\/fundacjanovira.pl\/wp-content\/uploads\/2025\/11\/cropped-WhatsApp-Image-2025-11-29-at-13.25.07.jpeg","contentUrl":"https:\/\/fundacjanovira.pl\/wp-content\/uploads\/2025\/11\/cropped-WhatsApp-Image-2025-11-29-at-13.25.07.jpeg","width":1599,"height":456,"caption":"Fundacja Novira"},"image":{"@id":"https:\/\/fundacjanovira.pl\/#\/schema\/logo\/image\/"},"sameAs":["https:\/\/www.facebook.com\/fundacjanovira\/","https:\/\/www.youtube.com\/@Novira-fundacja"]}]}},"campaignId":"","uagb_featured_image_src":{"full":false,"thumbnail":false,"medium":false,"medium_large":false,"large":false,"1536x1536":false,"2048x2048":false,"trp-custom-language-flag":false},"uagb_author_info":{"display_name":"admin","author_link":"https:\/\/fundacjanovira.pl\/en\/author\/admin\/"},"uagb_comment_info":0,"uagb_excerpt":"O nas Fundacja wspieraj\u0105ca edukacj\u0119 i rozw\u00f3j spo\u0142eczny Nasza misja Wspieramy dost\u0119p do edukacji na ka\u017cdym etapie \u017cycia Fundacja NOVIRA wp\u0142ywa na rozw\u00f3j spo\u0142eczny i edukacyjny, tworz\u0105c innowacyjne projekty. Fundacja NOVIRA, prowadzona przez Marzen\u0119 Muc, anga\u017cuje si\u0119 w dzia\u0142ania, kt\u00f3re przeciwdzia\u0142aj\u0105 wykluczeniu spo\u0142ecznemu oraz cyfrowemu. Zesp\u00f3\u0142, w tym Danuta Sawicka i Izabela O\u0142owska, organizuje warsztaty,&hellip;","_links":{"self":[{"href":"https:\/\/fundacjanovira.pl\/en\/wp-json\/wp\/v2\/pages\/744","targetHints":{"allow":["GET"]}}],"collection":[{"href":"https:\/\/fundacjanovira.pl\/en\/wp-json\/wp\/v2\/pages"}],"about":[{"href":"https:\/\/fundacjanovira.pl\/en\/wp-json\/wp\/v2\/types\/page"}],"author":[{"embeddable":true,"href":"https:\/\/fundacjanovira.pl\/en\/wp-json\/wp\/v2\/users\/1"}],"replies":[{"embeddable":true,"href":"https:\/\/fundacjanovira.pl\/en\/wp-json\/wp\/v2\/comments?post=744"}],"version-history":[{"count":31,"href":"https:\/\/fundacjanovira.pl\/en\/wp-json\/wp\/v2\/pages\/744\/revisions"}],"predecessor-version":[{"id":1479,"href":"https:\/\/fundacjanovira.pl\/en\/wp-json\/wp\/v2\/pages\/744\/revisions\/1479"}],"wp:attachment":[{"href":"https:\/\/fundacjanovira.pl\/en\/wp-json\/wp\/v2\/media?parent=744"}],"curies":[{"name":"wp","href":"https:\/\/api.w.org\/{rel}","templated":true}]}}