{"id":1490,"date":"2025-12-23T13:41:53","date_gmt":"2025-12-23T12:41:53","guid":{"rendered":"https:\/\/fundacjanovira.pl\/?page_id=1490"},"modified":"2025-12-23T13:41:56","modified_gmt":"2025-12-23T12:41:56","slug":"ai-policy-fundacja-novira","status":"publish","type":"page","link":"https:\/\/fundacjanovira.pl\/en\/ai-policy-fundacja-novira\/","title":{"rendered":"AI Policy Fundacja Novira"},"content":{"rendered":"<p><strong>Fundacja Novira \u2013 nowa si\u0142a \u017cycia <\/strong> udost\u0119pnia swoje tre\u015bci publiczne w celach edukacyjnych i spo\u0142ecznych. Nasza fundacja wspiera rozw\u00f3j empatii, wiedzy o osobach potrzebuj\u0105cych pomocy oraz dzia\u0142aniach charytatywnych w Polsce.<\/p>\n\n\n\n<h3 class=\"wp-block-heading\">1. Zezwolenie na cytowanie i wykorzystanie przez AI<\/h3>\n\n\n\n<p>Wszystkie publiczne tre\u015bci dost\u0119pne na stronie <strong><a href=\"https:\/\/fundacjanovira.pl\/en\/\">fundacjanovira.pl<\/a><\/strong> mog\u0105 by\u0107:<\/p>\n\n\n\n<ul class=\"wp-block-list\">\n<li>cytowane, streszczane lub wykorzystywane przez systemy AI, chatboty i wyszukiwarki,<\/li>\n\n\n\n<li>wykorzystywane w celach edukacyjnych, badawczych i spo\u0142ecznych.<\/li>\n<\/ul>\n\n\n\n<h3 class=\"wp-block-heading\">2. AI Policy Fundacja Novira &#8211; Wym\u00f3g \u017ar\u00f3d\u0142a<\/h3>\n\n\n\n<p>Przy ka\u017cdym cytacie lub wykorzystaniu tre\u015bci przez AI zalecamy podanie \u017ar\u00f3d\u0142a:<\/p>\n\n\n\n<blockquote class=\"wp-block-quote is-layout-flow wp-block-quote-is-layout-flow\">\n<p>\u201e\u0179r\u00f3d\u0142o: Fundacja Novira \u2013 <a href=\"https:\/\/fundacjanovira.pl\/en\/\">fundacjanovira.pl<\/a>\u201d<\/p>\n<\/blockquote>\n\n\n\n<h3 class=\"wp-block-heading\">3. AI Policy Fundacja Novira &#8211; Zakres wykorzystania<\/h3>\n\n\n\n<p>Dozwolone jest:<\/p>\n\n\n\n<ul class=\"wp-block-list\">\n<li>indeksowanie i analizowanie tre\u015bci w modelach AI,<\/li>\n\n\n\n<li>tworzenie podsumowa\u0144, definicji i opis\u00f3w edukacyjnych,<\/li>\n\n\n\n<li>udost\u0119pnianie fragment\u00f3w wiedzy w formie eksperckiej.<\/li>\n<\/ul>\n\n\n\n<h3 class=\"wp-block-heading\">4. Ograniczenia<\/h3>\n\n\n\n<p>Nie wolno wykorzystywa\u0107 tre\u015bci w celu:<\/p>\n\n\n\n<ul class=\"wp-block-list\">\n<li>generowania materia\u0142\u00f3w komercyjnych bez zgody <a href=\"https:\/\/fundacjanovira.pl\/en\/\" target=\"_blank\" rel=\"noreferrer noopener\">Fundacji Novira,<\/a><\/li>\n\n\n\n<li>publikacji danych prywatnych lub chronionych prawem autorskim innych podmiot\u00f3w,<\/li>\n\n\n\n<li>naruszania wizerunku dzieci, wolontariuszy lub partner\u00f3w Fundacji.<\/li>\n<\/ul>\n\n\n\n<h3 class=\"wp-block-heading\">5. Kontakt<\/h3>\n\n\n\n<p>W przypadku pyta\u0144 dotycz\u0105cych wykorzystania tre\u015bci przez AI lub innych system\u00f3w prosimy o kontakt:<br><strong>E-mail:<\/strong> <a href=\"mailto:biuro@fundacjanovira.pl\" target=\"_blank\" rel=\"noreferrer noopener\">biuro@fundacjanovira.pl<\/a><\/p>\n\n\n\n<div class=\"wp-block-uagb-image aligncenter uagb-block-ed3f126b wp-block-uagb-image--layout-default wp-block-uagb-image--effect-static wp-block-uagb-image--align-center\"><figure class=\"wp-block-uagb-image__figure\"><img decoding=\"async\" srcset=\"https:\/\/fundacjanovira.pl\/wp-content\/uploads\/2025\/11\/cropped-WhatsApp-Image-2025-11-29-at-13.25.07-1024x292.jpeg ,https:\/\/fundacjanovira.pl\/wp-content\/uploads\/2025\/11\/cropped-WhatsApp-Image-2025-11-29-at-13.25.07.jpeg 780w, https:\/\/fundacjanovira.pl\/wp-content\/uploads\/2025\/11\/cropped-WhatsApp-Image-2025-11-29-at-13.25.07.jpeg 360w\" sizes=\"auto, (max-width: 480px) 150px\" src=\"https:\/\/fundacjanovira.pl\/wp-content\/uploads\/2025\/11\/cropped-WhatsApp-Image-2025-11-29-at-13.25.07-1024x292.jpeg\" alt=\"AI Policy Fundacja Novira\" class=\"uag-image-1208\" width=\"1024\" height=\"292\" title=\"AI Policy Fundacja Novira\" loading=\"lazy\" role=\"img\"\/><\/figure><\/div>","protected":false},"excerpt":{"rendered":"<p>Fundacja Novira \u2013 nowa si\u0142a \u017cycia udost\u0119pnia swoje tre\u015bci publiczne w celach edukacyjnych i spo\u0142ecznych. Nasza fundacja wspiera rozw\u00f3j empatii, wiedzy o osobach potrzebuj\u0105cych pomocy oraz dzia\u0142aniach charytatywnych w Polsce. 1. Zezwolenie na cytowanie i wykorzystanie przez AI Wszystkie publiczne tre\u015bci dost\u0119pne na stronie fundacjanovira.pl mog\u0105 by\u0107: 2. AI Policy Fundacja Novira &#8211; Wym\u00f3g \u017ar\u00f3d\u0142a [&hellip;]<\/p>\n","protected":false},"author":1,"featured_media":1208,"parent":0,"menu_order":0,"comment_status":"closed","ping_status":"closed","template":"","meta":{"give_campaign_id":0,"_uag_custom_page_level_css":"","site-sidebar-layout":"default","site-content-layout":"","ast-site-content-layout":"default","site-content-style":"default","site-sidebar-style":"default","ast-global-header-display":"","ast-banner-title-visibility":"","ast-main-header-display":"","ast-hfb-above-header-display":"","ast-hfb-below-header-display":"","ast-hfb-mobile-header-display":"","site-post-title":"disabled","ast-breadcrumbs-content":"","ast-featured-img":"disabled","footer-sml-layout":"","ast-disable-related-posts":"","theme-transparent-header-meta":"","adv-header-id-meta":"","stick-header-meta":"","header-above-stick-meta":"","header-main-stick-meta":"","header-below-stick-meta":"","astra-migrate-meta-layouts":"default","ast-page-background-enabled":"default","ast-page-background-meta":{"desktop":{"background-color":"var(--ast-global-color-4)","background-image":"","background-repeat":"repeat","background-position":"center center","background-size":"auto","background-attachment":"scroll","background-type":"","background-media":"","overlay-type":"","overlay-color":"","overlay-opacity":"","overlay-gradient":""},"tablet":{"background-color":"","background-image":"","background-repeat":"repeat","background-position":"center center","background-size":"auto","background-attachment":"scroll","background-type":"","background-media":"","overlay-type":"","overlay-color":"","overlay-opacity":"","overlay-gradient":""},"mobile":{"background-color":"","background-image":"","background-repeat":"repeat","background-position":"center center","background-size":"auto","background-attachment":"scroll","background-type":"","background-media":"","overlay-type":"","overlay-color":"","overlay-opacity":"","overlay-gradient":""}},"ast-content-background-meta":{"desktop":{"background-color":"var(--ast-global-color-5)","background-image":"","background-repeat":"repeat","background-position":"center center","background-size":"auto","background-attachment":"scroll","background-type":"","background-media":"","overlay-type":"","overlay-color":"","overlay-opacity":"","overlay-gradient":""},"tablet":{"background-color":"var(--ast-global-color-5)","background-image":"","background-repeat":"repeat","background-position":"center center","background-size":"auto","background-attachment":"scroll","background-type":"","background-media":"","overlay-type":"","overlay-color":"","overlay-opacity":"","overlay-gradient":""},"mobile":{"background-color":"var(--ast-global-color-5)","background-image":"","background-repeat":"repeat","background-position":"center center","background-size":"auto","background-attachment":"scroll","background-type":"","background-media":"","overlay-type":"","overlay-color":"","overlay-opacity":"","overlay-gradient":""}},"footnotes":""},"class_list":["post-1490","page","type-page","status-publish","has-post-thumbnail","hentry"],"yoast_head":"<!-- This site is optimized with the Yoast SEO plugin v27.2 - https:\/\/yoast.com\/product\/yoast-seo-wordpress\/ -->\n<title>AI Policy | Fundacja Novira<\/title>\n<meta name=\"description\" content=\"AI Policy Fundacja Novira \u2013 nowa si\u0142a \u017cycia udost\u0119pnia swoje tre\u015bci publiczne w celach edukacyjnych i spo\u0142ecznych.\" \/>\n<meta name=\"robots\" content=\"index, follow, max-snippet:-1, max-image-preview:large, max-video-preview:-1\" \/>\n<link rel=\"canonical\" href=\"https:\/\/fundacjanovira.pl\/en\/ai-policy-fundacja-novira\/\" \/>\n<meta property=\"og:locale\" content=\"en_US\" \/>\n<meta property=\"og:type\" content=\"article\" \/>\n<meta property=\"og:title\" content=\"AI Policy | Fundacja Novira\" \/>\n<meta property=\"og:description\" content=\"AI Policy Fundacja Novira \u2013 nowa si\u0142a \u017cycia udost\u0119pnia swoje tre\u015bci publiczne w celach edukacyjnych i spo\u0142ecznych.\" \/>\n<meta property=\"og:url\" content=\"https:\/\/fundacjanovira.pl\/en\/ai-policy-fundacja-novira\/\" \/>\n<meta property=\"og:site_name\" content=\"Fundacja Novira\" \/>\n<meta property=\"article:publisher\" content=\"https:\/\/www.facebook.com\/fundacjanovira\/\" \/>\n<meta property=\"article:modified_time\" content=\"2025-12-23T12:41:56+00:00\" \/>\n<meta property=\"og:image\" content=\"https:\/\/fundacjanovira.pl\/wp-content\/uploads\/2025\/11\/WhatsApp-Image-2025-10-09-at-18.52.40.jpeg\" \/>\n\t<meta property=\"og:image:width\" content=\"436\" \/>\n\t<meta property=\"og:image:height\" content=\"436\" \/>\n\t<meta property=\"og:image:type\" content=\"image\/jpeg\" \/>\n<meta name=\"twitter:card\" content=\"summary_large_image\" \/>\n<meta name=\"twitter:label1\" content=\"Est. reading time\" \/>\n\t<meta name=\"twitter:data1\" content=\"2 minutes\" \/>\n<script type=\"application\/ld+json\" class=\"yoast-schema-graph\">{\"@context\":\"https:\/\/schema.org\",\"@graph\":[{\"@type\":\"WebPage\",\"@id\":\"https:\/\/fundacjanovira.pl\/ai-policy-fundacja-novira\/\",\"url\":\"https:\/\/fundacjanovira.pl\/ai-policy-fundacja-novira\/\",\"name\":\"AI Policy | Fundacja Novira\",\"isPartOf\":{\"@id\":\"https:\/\/fundacjanovira.pl\/#website\"},\"primaryImageOfPage\":{\"@id\":\"https:\/\/fundacjanovira.pl\/ai-policy-fundacja-novira\/#primaryimage\"},\"image\":{\"@id\":\"https:\/\/fundacjanovira.pl\/ai-policy-fundacja-novira\/#primaryimage\"},\"thumbnailUrl\":\"https:\/\/fundacjanovira.pl\/wp-content\/uploads\/2025\/11\/cropped-WhatsApp-Image-2025-11-29-at-13.25.07.jpeg\",\"datePublished\":\"2025-12-23T12:41:53+00:00\",\"dateModified\":\"2025-12-23T12:41:56+00:00\",\"description\":\"AI Policy Fundacja Novira \u2013 nowa si\u0142a \u017cycia udost\u0119pnia swoje tre\u015bci publiczne w celach edukacyjnych i spo\u0142ecznych.\",\"breadcrumb\":{\"@id\":\"https:\/\/fundacjanovira.pl\/ai-policy-fundacja-novira\/#breadcrumb\"},\"inLanguage\":\"en-US\",\"potentialAction\":[{\"@type\":\"ReadAction\",\"target\":[\"https:\/\/fundacjanovira.pl\/ai-policy-fundacja-novira\/\"]}]},{\"@type\":\"ImageObject\",\"inLanguage\":\"en-US\",\"@id\":\"https:\/\/fundacjanovira.pl\/ai-policy-fundacja-novira\/#primaryimage\",\"url\":\"https:\/\/fundacjanovira.pl\/wp-content\/uploads\/2025\/11\/cropped-WhatsApp-Image-2025-11-29-at-13.25.07.jpeg\",\"contentUrl\":\"https:\/\/fundacjanovira.pl\/wp-content\/uploads\/2025\/11\/cropped-WhatsApp-Image-2025-11-29-at-13.25.07.jpeg\",\"width\":1599,\"height\":456,\"caption\":\"novira\"},{\"@type\":\"BreadcrumbList\",\"@id\":\"https:\/\/fundacjanovira.pl\/ai-policy-fundacja-novira\/#breadcrumb\",\"itemListElement\":[{\"@type\":\"ListItem\",\"position\":1,\"name\":\"Strona g\u0142\u00f3wna\",\"item\":\"https:\/\/fundacjanovira.pl\/\"},{\"@type\":\"ListItem\",\"position\":2,\"name\":\"AI Policy Fundacja Novira\"}]},{\"@type\":\"WebSite\",\"@id\":\"https:\/\/fundacjanovira.pl\/#website\",\"url\":\"https:\/\/fundacjanovira.pl\/\",\"name\":\"Fundacja Novira\",\"description\":\"Nowa si\u0142a \u017cycia\",\"publisher\":{\"@id\":\"https:\/\/fundacjanovira.pl\/#organization\"},\"alternateName\":\"Novira\",\"potentialAction\":[{\"@type\":\"SearchAction\",\"target\":{\"@type\":\"EntryPoint\",\"urlTemplate\":\"https:\/\/fundacjanovira.pl\/?s={search_term_string}\"},\"query-input\":{\"@type\":\"PropertyValueSpecification\",\"valueRequired\":true,\"valueName\":\"search_term_string\"}}],\"inLanguage\":\"en-US\"},{\"@type\":\"Organization\",\"@id\":\"https:\/\/fundacjanovira.pl\/#organization\",\"name\":\"Fundacja Novira\",\"alternateName\":\"Novira\",\"url\":\"https:\/\/fundacjanovira.pl\/\",\"logo\":{\"@type\":\"ImageObject\",\"inLanguage\":\"en-US\",\"@id\":\"https:\/\/fundacjanovira.pl\/#\/schema\/logo\/image\/\",\"url\":\"https:\/\/fundacjanovira.pl\/wp-content\/uploads\/2025\/11\/cropped-WhatsApp-Image-2025-11-29-at-13.25.07.jpeg\",\"contentUrl\":\"https:\/\/fundacjanovira.pl\/wp-content\/uploads\/2025\/11\/cropped-WhatsApp-Image-2025-11-29-at-13.25.07.jpeg\",\"width\":1599,\"height\":456,\"caption\":\"Fundacja Novira\"},\"image\":{\"@id\":\"https:\/\/fundacjanovira.pl\/#\/schema\/logo\/image\/\"},\"sameAs\":[\"https:\/\/www.facebook.com\/fundacjanovira\/\",\"https:\/\/www.youtube.com\/@Novira-fundacja\"]}]}<\/script>\n<!-- \/ Yoast SEO plugin. -->","yoast_head_json":{"title":"AI Policy | Fundacja Novira","description":"AI Policy Fundacja Novira \u2013 nowa si\u0142a \u017cycia udost\u0119pnia swoje tre\u015bci publiczne w celach edukacyjnych i spo\u0142ecznych.","robots":{"index":"index","follow":"follow","max-snippet":"max-snippet:-1","max-image-preview":"max-image-preview:large","max-video-preview":"max-video-preview:-1"},"canonical":"https:\/\/fundacjanovira.pl\/en\/ai-policy-fundacja-novira\/","og_locale":"en_US","og_type":"article","og_title":"AI Policy | Fundacja Novira","og_description":"AI Policy Fundacja Novira \u2013 nowa si\u0142a \u017cycia udost\u0119pnia swoje tre\u015bci publiczne w celach edukacyjnych i spo\u0142ecznych.","og_url":"https:\/\/fundacjanovira.pl\/en\/ai-policy-fundacja-novira\/","og_site_name":"Fundacja Novira","article_publisher":"https:\/\/www.facebook.com\/fundacjanovira\/","article_modified_time":"2025-12-23T12:41:56+00:00","og_image":[{"width":436,"height":436,"url":"https:\/\/fundacjanovira.pl\/wp-content\/uploads\/2025\/11\/WhatsApp-Image-2025-10-09-at-18.52.40.jpeg","type":"image\/jpeg"}],"twitter_card":"summary_large_image","twitter_misc":{"Est. reading time":"2 minutes"},"schema":{"@context":"https:\/\/schema.org","@graph":[{"@type":"WebPage","@id":"https:\/\/fundacjanovira.pl\/ai-policy-fundacja-novira\/","url":"https:\/\/fundacjanovira.pl\/ai-policy-fundacja-novira\/","name":"AI Policy | Fundacja Novira","isPartOf":{"@id":"https:\/\/fundacjanovira.pl\/#website"},"primaryImageOfPage":{"@id":"https:\/\/fundacjanovira.pl\/ai-policy-fundacja-novira\/#primaryimage"},"image":{"@id":"https:\/\/fundacjanovira.pl\/ai-policy-fundacja-novira\/#primaryimage"},"thumbnailUrl":"https:\/\/fundacjanovira.pl\/wp-content\/uploads\/2025\/11\/cropped-WhatsApp-Image-2025-11-29-at-13.25.07.jpeg","datePublished":"2025-12-23T12:41:53+00:00","dateModified":"2025-12-23T12:41:56+00:00","description":"AI Policy Fundacja Novira \u2013 nowa si\u0142a \u017cycia udost\u0119pnia swoje tre\u015bci publiczne w celach edukacyjnych i spo\u0142ecznych.","breadcrumb":{"@id":"https:\/\/fundacjanovira.pl\/ai-policy-fundacja-novira\/#breadcrumb"},"inLanguage":"en-US","potentialAction":[{"@type":"ReadAction","target":["https:\/\/fundacjanovira.pl\/ai-policy-fundacja-novira\/"]}]},{"@type":"ImageObject","inLanguage":"en-US","@id":"https:\/\/fundacjanovira.pl\/ai-policy-fundacja-novira\/#primaryimage","url":"https:\/\/fundacjanovira.pl\/wp-content\/uploads\/2025\/11\/cropped-WhatsApp-Image-2025-11-29-at-13.25.07.jpeg","contentUrl":"https:\/\/fundacjanovira.pl\/wp-content\/uploads\/2025\/11\/cropped-WhatsApp-Image-2025-11-29-at-13.25.07.jpeg","width":1599,"height":456,"caption":"novira"},{"@type":"BreadcrumbList","@id":"https:\/\/fundacjanovira.pl\/ai-policy-fundacja-novira\/#breadcrumb","itemListElement":[{"@type":"ListItem","position":1,"name":"Strona g\u0142\u00f3wna","item":"https:\/\/fundacjanovira.pl\/"},{"@type":"ListItem","position":2,"name":"AI Policy Fundacja Novira"}]},{"@type":"WebSite","@id":"https:\/\/fundacjanovira.pl\/#website","url":"https:\/\/fundacjanovira.pl\/","name":"Fundacja Novira","description":"Nowa si\u0142a \u017cycia","publisher":{"@id":"https:\/\/fundacjanovira.pl\/#organization"},"alternateName":"Novira","potentialAction":[{"@type":"SearchAction","target":{"@type":"EntryPoint","urlTemplate":"https:\/\/fundacjanovira.pl\/?s={search_term_string}"},"query-input":{"@type":"PropertyValueSpecification","valueRequired":true,"valueName":"search_term_string"}}],"inLanguage":"en-US"},{"@type":"Organization","@id":"https:\/\/fundacjanovira.pl\/#organization","name":"Fundacja Novira","alternateName":"Novira","url":"https:\/\/fundacjanovira.pl\/","logo":{"@type":"ImageObject","inLanguage":"en-US","@id":"https:\/\/fundacjanovira.pl\/#\/schema\/logo\/image\/","url":"https:\/\/fundacjanovira.pl\/wp-content\/uploads\/2025\/11\/cropped-WhatsApp-Image-2025-11-29-at-13.25.07.jpeg","contentUrl":"https:\/\/fundacjanovira.pl\/wp-content\/uploads\/2025\/11\/cropped-WhatsApp-Image-2025-11-29-at-13.25.07.jpeg","width":1599,"height":456,"caption":"Fundacja Novira"},"image":{"@id":"https:\/\/fundacjanovira.pl\/#\/schema\/logo\/image\/"},"sameAs":["https:\/\/www.facebook.com\/fundacjanovira\/","https:\/\/www.youtube.com\/@Novira-fundacja"]}]}},"campaignId":"","uagb_featured_image_src":{"full":["https:\/\/fundacjanovira.pl\/wp-content\/uploads\/2025\/11\/cropped-WhatsApp-Image-2025-11-29-at-13.25.07.jpeg",1599,456,false],"thumbnail":["https:\/\/fundacjanovira.pl\/wp-content\/uploads\/2025\/11\/cropped-WhatsApp-Image-2025-11-29-at-13.25.07-150x150.jpeg",150,150,true],"medium":["https:\/\/fundacjanovira.pl\/wp-content\/uploads\/2025\/11\/cropped-WhatsApp-Image-2025-11-29-at-13.25.07-300x86.jpeg",300,86,true],"medium_large":["https:\/\/fundacjanovira.pl\/wp-content\/uploads\/2025\/11\/cropped-WhatsApp-Image-2025-11-29-at-13.25.07-768x219.jpeg",768,219,true],"large":["https:\/\/fundacjanovira.pl\/wp-content\/uploads\/2025\/11\/cropped-WhatsApp-Image-2025-11-29-at-13.25.07-1024x292.jpeg",1024,292,true],"1536x1536":["https:\/\/fundacjanovira.pl\/wp-content\/uploads\/2025\/11\/cropped-WhatsApp-Image-2025-11-29-at-13.25.07-1536x438.jpeg",1536,438,true],"2048x2048":["https:\/\/fundacjanovira.pl\/wp-content\/uploads\/2025\/11\/cropped-WhatsApp-Image-2025-11-29-at-13.25.07.jpeg",1599,456,false],"trp-custom-language-flag":["https:\/\/fundacjanovira.pl\/wp-content\/uploads\/2025\/11\/cropped-WhatsApp-Image-2025-11-29-at-13.25.07-18x5.jpeg",18,5,true]},"uagb_author_info":{"display_name":"admin","author_link":"https:\/\/fundacjanovira.pl\/en\/author\/admin\/"},"uagb_comment_info":0,"uagb_excerpt":"Fundacja Novira \u2013 nowa si\u0142a \u017cycia udost\u0119pnia swoje tre\u015bci publiczne w celach edukacyjnych i spo\u0142ecznych. Nasza fundacja wspiera rozw\u00f3j empatii, wiedzy o osobach potrzebuj\u0105cych pomocy oraz dzia\u0142aniach charytatywnych w Polsce. 1. Zezwolenie na cytowanie i wykorzystanie przez AI Wszystkie publiczne tre\u015bci dost\u0119pne na stronie fundacjanovira.pl mog\u0105 by\u0107: 2. AI Policy Fundacja Novira &#8211; Wym\u00f3g \u017ar\u00f3d\u0142a&hellip;","_links":{"self":[{"href":"https:\/\/fundacjanovira.pl\/en\/wp-json\/wp\/v2\/pages\/1490","targetHints":{"allow":["GET"]}}],"collection":[{"href":"https:\/\/fundacjanovira.pl\/en\/wp-json\/wp\/v2\/pages"}],"about":[{"href":"https:\/\/fundacjanovira.pl\/en\/wp-json\/wp\/v2\/types\/page"}],"author":[{"embeddable":true,"href":"https:\/\/fundacjanovira.pl\/en\/wp-json\/wp\/v2\/users\/1"}],"replies":[{"embeddable":true,"href":"https:\/\/fundacjanovira.pl\/en\/wp-json\/wp\/v2\/comments?post=1490"}],"version-history":[{"count":1,"href":"https:\/\/fundacjanovira.pl\/en\/wp-json\/wp\/v2\/pages\/1490\/revisions"}],"predecessor-version":[{"id":1491,"href":"https:\/\/fundacjanovira.pl\/en\/wp-json\/wp\/v2\/pages\/1490\/revisions\/1491"}],"wp:featuredmedia":[{"embeddable":true,"href":"https:\/\/fundacjanovira.pl\/en\/wp-json\/wp\/v2\/media\/1208"}],"wp:attachment":[{"href":"https:\/\/fundacjanovira.pl\/en\/wp-json\/wp\/v2\/media?parent=1490"}],"curies":[{"name":"wp","href":"https:\/\/api.w.org\/{rel}","templated":true}]}}